{"id":14963,"date":"2026-01-11T19:02:11","date_gmt":"2026-01-11T23:02:11","guid":{"rendered":"https:\/\/universel.com\/claude-mouton\/"},"modified":"2026-01-11T20:04:16","modified_gmt":"2026-01-12T00:04:16","slug":"claude-mouton","status":"publish","type":"page","link":"https:\/\/universel.com\/en\/claude-mouton\/","title":{"rendered":"Claude-Mouton Venue"},"content":{"rendered":"<p>[et_pb_section fb_built=&#8221;1&#8243; disabled_on=&#8221;off|off|off&#8221; _builder_version=&#8221;4.17.4&#8243; _module_preset=&#8221;default&#8221; global_colors_info=&#8221;{}&#8221;][et_pb_row admin_label=&#8221;Title&#8221; _builder_version=&#8221;4.17.4&#8243; _module_preset=&#8221;default&#8221; global_colors_info=&#8221;{}&#8221;][et_pb_column type=&#8221;4_4&#8243; _builder_version=&#8221;4.17.4&#8243; _module_preset=&#8221;default&#8221; global_colors_info=&#8221;{}&#8221;][et_pb_text _builder_version=&#8221;4.17.4&#8243; _module_preset=&#8221;default&#8221; header_font=&#8221;Cormorant Garamond|700|||||||&#8221; header_text_align=&#8221;center&#8221; header_font_size=&#8221;50px&#8221; header_font_size_tablet=&#8221;50px&#8221; header_font_size_phone=&#8221;30px&#8221; header_font_size_last_edited=&#8221;on|phone&#8221; global_colors_info=&#8221;{}&#8221;]<\/p>\n<h1>Discover the Claude-Mouton Meeting Room<\/h1>\n<h2 style=\"text-align: center;\"><em>Maximize the impact of your events with our largest venue<\/em><\/h2>\n<p>[\/et_pb_text][\/et_pb_column][\/et_pb_row][et_pb_row admin_label=&#8221;JSON-LD&#8221; _builder_version=&#8221;4.17.4&#8243; _module_preset=&#8221;default&#8221; min_height=&#8221;100px&#8221; height=&#8221;100px&#8221; max_height=&#8221;100px&#8221; custom_margin=&#8221;-110px||||false|false&#8221; global_colors_info=&#8221;{}&#8221;][et_pb_column type=&#8221;4_4&#8243; admin_label=&#8221;Column&#8221; _builder_version=&#8221;4.17.4&#8243; _module_preset=&#8221;default&#8221; custom_padding=&#8221;0px||||false|false&#8221; global_colors_info=&#8221;{}&#8221;][et_pb_code _builder_version=&#8221;4.17.4&#8243; _module_preset=&#8221;default&#8221; global_colors_info=&#8221;{}&#8221;]<script type=\"application\/ld+json\"><!-- [et_pb_line_break_holder] -->{<!-- [et_pb_line_break_holder] -->  \"@context\": \"https:\/\/schema.org\",<!-- [et_pb_line_break_holder] -->  \"@type\": \"Hotel\",<!-- [et_pb_line_break_holder] -->  \"name\": \"Best Western H\u00f4tel Universel Drummondville\",<!-- [et_pb_line_break_holder] -->  \"url\": \"https:\/\/universel.com\/fr\/nos-salles-de-reunion\/\",<!-- [et_pb_line_break_holder] -->  \"description\": \"D\u00e9couvrez 21 salles de r\u00e9union et d\u2019\u00e9v\u00e9nement modulables, pour 4 \u00e0 1 000 personnes. Explorez les plans d\u2019\u00e9tage, les capacit\u00e9s d\u2019accueil et les configurations disponibles.\",<!-- [et_pb_line_break_holder] -->  \"address\": {<!-- [et_pb_line_break_holder] -->    \"@type\": \"PostalAddress\",<!-- [et_pb_line_break_holder] -->    \"streetAddress\": \"915, rue Hains\",<!-- [et_pb_line_break_holder] -->    \"addressLocality\": \"Drummondville\",<!-- [et_pb_line_break_holder] -->    \"addressRegion\": \"QC\",<!-- [et_pb_line_break_holder] -->    \"postalCode\": \"J2C 1L3\",<!-- [et_pb_line_break_holder] -->    \"addressCountry\": \"CA\"<!-- [et_pb_line_break_holder] -->  }<!-- [et_pb_line_break_holder] -->}<!-- [et_pb_line_break_holder] --><\/script><!-- [et_pb_line_break_holder] -->[\/et_pb_code][\/et_pb_column][\/et_pb_row][et_pb_row admin_label=&#8221;Divider&#8221; _builder_version=&#8221;4.17.4&#8243; _module_preset=&#8221;default&#8221; global_colors_info=&#8221;{}&#8221;][et_pb_column type=&#8221;4_4&#8243; _builder_version=&#8221;4.17.4&#8243; _module_preset=&#8221;default&#8221; global_colors_info=&#8221;{}&#8221;][et_pb_divider _builder_version=&#8221;4.17.4&#8243; _module_preset=&#8221;default&#8221; global_colors_info=&#8221;{}&#8221;][\/et_pb_divider][\/et_pb_column][\/et_pb_row][et_pb_row admin_label=&#8221;claude Mouton&#8221; module_id=&#8221;claude-mouton&#8221; _builder_version=&#8221;4.17.4&#8243; _module_preset=&#8221;default&#8221; custom_padding=&#8221;0px|||||&#8221; global_colors_info=&#8221;{}&#8221;][et_pb_column type=&#8221;4_4&#8243; _builder_version=&#8221;4.17.4&#8243; _module_preset=&#8221;default&#8221; global_colors_info=&#8221;{}&#8221;][et_pb_text module_id=&#8221;Claude-Mouton&#8221; _builder_version=&#8221;4.17.4&#8243; _module_preset=&#8221;default&#8221; text_font=&#8221;Nunito Sans|300|||||||&#8221; text_font_size=&#8221;16px&#8221; custom_margin=&#8221;-30px||||false|false&#8221; global_colors_info=&#8221;{}&#8221;]<\/p>\n<p style=\"font-family: 'Nunito'; font-size: 16px; text-align: justify;\"><strong style=\"font-family: 'Cormorant Garamond'; font-size: 22px;\">Claude-Mouton<\/strong> is our largest meeting room in Drummondville, with an impressive surface area of 1,230.8 m\u00b2 and a ceiling height of 4.9 m. Perfect for large-scale conventions, trade shows or banquets, it can accommodate up to <span style=\"text-decoration: underline;\">1,380 people, <\/span>or be divided into two sections: Claude-Mouton A<span style=\"text-decoration: underline;\">(770 people<\/span>) and Claude-Mouton B<span style=\"text-decoration: underline;\">(475 people<\/span>). Ideal for meetings, conventions, conferences or training courses for <span style=\"text-decoration: underline;\">500 people or more.<\/span>  <\/p>\n<p>[\/et_pb_text][et_pb_code admin_label=&#8221;Code-photo&#8221; _builder_version=&#8221;4.17.4&#8243; _module_preset=&#8221;default&#8221; global_colors_info=&#8221;{}&#8221;]<\/p>\n<style><!-- [et_pb_line_break_holder] -->.cm-grid {<!-- [et_pb_line_break_holder] -->  display: flex;<!-- [et_pb_line_break_holder] -->  flex-wrap: wrap;<!-- [et_pb_line_break_holder] -->  gap: 20px;<!-- [et_pb_line_break_holder] -->  justify-content: center;<!-- [et_pb_line_break_holder] -->}<!-- [et_pb_line_break_holder] --><!-- [et_pb_line_break_holder] -->\/* \u7535\u8111\u548c\u5e73\u677f\uff1a\u4e24\u5217 *\/<!-- [et_pb_line_break_holder] -->.cm-item {<!-- [et_pb_line_break_holder] -->  flex: 1 1 calc(50% - 20px);<!-- [et_pb_line_break_holder] -->  overflow: hidden;<!-- [et_pb_line_break_holder] -->  border-radius: 0;<!-- [et_pb_line_break_holder] -->}<!-- [et_pb_line_break_holder] --><!-- [et_pb_line_break_holder] -->.cm-item img {<!-- [et_pb_line_break_holder] -->  width: 100%;<!-- [et_pb_line_break_holder] -->  height: 260px;      \/* \u7edf\u4e00\u9ad8\u5ea6\uff0c\u684c\u673a\u7528 *\/<!-- [et_pb_line_break_holder] -->  object-fit: cover;<!-- [et_pb_line_break_holder] -->  border-radius: 0;<!-- [et_pb_line_break_holder] -->}<!-- [et_pb_line_break_holder] --><!-- [et_pb_line_break_holder] -->\/* \u624b\u673a\uff1a\u4e00\u5217\uff08\u5168\u5bbd\uff09\uff0c\u9ad8\u5ea6\u81ea\u9002\u5e94\u4e0d\u88c1\u5207\u5f97\u592a\u5389\u5bb3 *\/<!-- [et_pb_line_break_holder] -->@media (max-width: 768px) {<!-- [et_pb_line_break_holder] -->  .cm-item {<!-- [et_pb_line_break_holder] -->    flex: 1 1 100%;<!-- [et_pb_line_break_holder] -->  }<!-- [et_pb_line_break_holder] -->  .cm-item img {<!-- [et_pb_line_break_holder] -->    height: auto;    \/* \u624b\u673a\u4e0a\u6309\u539f\u6bd4\u4f8b\u663e\u793a *\/<!-- [et_pb_line_break_holder] -->  }<!-- [et_pb_line_break_holder] -->}<!-- [et_pb_line_break_holder] --><\/style>\n<p><!-- [et_pb_line_break_holder] --><!-- [et_pb_line_break_holder] --><\/p>\n<div class=\"cm-grid\"><!-- [et_pb_line_break_holder] --><!-- [et_pb_line_break_holder] -->  <\/p>\n<div class=\"cm-item\"><!-- [et_pb_line_break_holder] -->    <img data-recalc-dims=\"1\" decoding=\"async\" src=\"https:\/\/i0.wp.com\/universel.com\/wp-content\/uploads\/2025\/06\/Claude-Mouton-A-theatre.jpg?w=1080&#038;ssl=1\" alt=\"\"><!-- [et_pb_line_break_holder] -->  <\/div>\n<p><!-- [et_pb_line_break_holder] --><!-- [et_pb_line_break_holder] -->  <\/p>\n<div class=\"cm-item\"><!-- [et_pb_line_break_holder] -->    <img data-recalc-dims=\"1\" decoding=\"async\" src=\"https:\/\/i0.wp.com\/universel.com\/wp-content\/uploads\/2025\/10\/claude-mouton-B.jpg?w=1080&#038;ssl=1\" alt=\"\"><!-- [et_pb_line_break_holder] -->  <\/div>\n<p><!-- [et_pb_line_break_holder] --><!-- [et_pb_line_break_holder] -->  <\/p>\n<div class=\"cm-item\"><!-- [et_pb_line_break_holder] -->    <img data-recalc-dims=\"1\" decoding=\"async\" src=\"https:\/\/i0.wp.com\/universel.com\/wp-content\/uploads\/2025\/11\/Image.jpg?w=1080&#038;ssl=1\" alt=\"\"><!-- [et_pb_line_break_holder] -->  <\/div>\n<p><!-- [et_pb_line_break_holder] --><!-- [et_pb_line_break_holder] -->  <\/p>\n<div class=\"cm-item\"><!-- [et_pb_line_break_holder] -->    <img data-recalc-dims=\"1\" decoding=\"async\" src=\"https:\/\/i0.wp.com\/universel.com\/wp-content\/uploads\/2025\/05\/Claude-Mouton-B.jpg?w=1080&#038;ssl=1\" alt=\"\"><!-- [et_pb_line_break_holder] -->  <\/div>\n<p><!-- [et_pb_line_break_holder] --><!-- [et_pb_line_break_holder] --><\/div>\n<p><!-- [et_pb_line_break_holder] -->[\/et_pb_code][et_pb_text _builder_version=&#8221;4.17.4&#8243; _module_preset=&#8221;default&#8221; text_font=&#8221;Nunito Sans|300|||||||&#8221; global_colors_info=&#8221;{}&#8221;]<\/p>\n<div style=\"overflow-x: auto;\">\n<table>\n<thead>\n<tr>\n<th>Venue Rooms<\/th>\n<th>U<\/th>\n<th>Square<\/th>\n<th>Theater<\/th>\n<th>Classroom<\/th>\n<th>Half-moon<\/th>\n<th>Banquet<\/th>\n<th>Dimensions (l\u00d7L\u00d7h)<\/th>\n<th>Superficie<\/th>\n<\/tr>\n<\/thead>\n<tbody>\n<tr>\n<td>Claude Mouton AB<\/td>\n<td>N\/D<\/td>\n<td>N\/D<\/td>\n<td>1\u2009380<\/td>\n<td>820<\/td>\n<td>684<\/td>\n<td>880<\/td>\n<td>144\u00d7183\u00d716<\/td>\n<td>13\u2009248 pi\u00b2<\/td>\n<\/tr>\n<tr>\n<td>Claude Mouton A<\/td>\n<td>N\/D<\/td>\n<td>N\/D<\/td>\n<td>770<\/td>\n<td>480<\/td>\n<td>378<\/td>\n<td>512<\/td>\n<td>76\u00d778\u00d716<\/td>\n<td>7\u2009980 pi\u00b2<\/td>\n<\/tr>\n<tr>\n<td>Claude Mouton B<\/td>\n<td>N\/D<\/td>\n<td>N\/D<\/td>\n<td>475<\/td>\n<td>300<\/td>\n<td>228<\/td>\n<td>304<\/td>\n<td>68\u00d778\u00d716<\/td>\n<td>5\u2009304 pi\u00b2<\/td>\n<\/tr>\n<tr>\n<td>Hall Banquet<\/td>\n<td>N\/D<\/td>\n<td>N\/D<\/td>\n<td>N\/D<\/td>\n<td>N\/D<\/td>\n<td>N\/D<\/td>\n<td>N\/D<\/td>\n<td>N\/D<\/td>\n<td>2\u2009930 pi\u00b2<\/td>\n<\/tr>\n<tr>\n<td>Universel*<\/td>\n<td>26<\/td>\n<td>36<\/td>\n<td>60<\/td>\n<td>40<\/td>\n<td>36<\/td>\n<td>48<\/td>\n<td>30\u00d728\u00d79<\/td>\n<td>840 pi\u00b2<\/td>\n<\/tr>\n<\/tbody>\n<\/table>\n<p><em>*TV in the room<\/em><\/p>\n<\/div>\n<p>[\/et_pb_text][\/et_pb_column][\/et_pb_row][\/et_pb_section]<\/p>\n","protected":false},"excerpt":{"rendered":"<p>Discover the Claude-Mouton Meeting Room Maximize the impact of your events with our largest venueClaude-Mouton is our largest meeting room in Drummondville, with an impressive surface area of 1,230.8 m\u00b2 and a ceiling height of 4.9 m. Perfect for large-scale conventions, trade shows or banquets, it can accommodate up to 1,380 people, or be divided [&hellip;]<\/p>\n","protected":false},"author":158511816,"featured_media":0,"parent":0,"menu_order":0,"comment_status":"closed","ping_status":"closed","template":"","meta":{"_et_pb_use_builder":"on","_et_pb_old_content":"","_et_gb_content_width":"","footnotes":"","_links_to":"","_links_to_target":""},"class_list":["post-14963","page","type-page","status-publish","hentry"],"yoast_head":"<!-- This site is optimized with the Yoast SEO plugin v27.4 - https:\/\/yoast.com\/product\/yoast-seo-wordpress\/ -->\n<title>Claude-Mouton Venue - Centre de Congres<\/title>\n<meta name=\"description\" content=\"Host up to 1,000 guests in the premier Claude-Mouton Venue at Hotel Universel Drummondville. 30,000 sq. ft. of versatile meeting space in central Quebec.\" \/>\n<meta name=\"robots\" content=\"index, follow, max-snippet:-1, max-image-preview:large, max-video-preview:-1\" \/>\n<link rel=\"canonical\" href=\"https:\/\/universel.com\/en\/claude-mouton\/\" \/>\n<meta property=\"og:locale\" content=\"en_US\" \/>\n<meta property=\"og:type\" content=\"article\" \/>\n<meta property=\"og:title\" content=\"Claude-Mouton Venue - Centre de Congres\" \/>\n<meta property=\"og:description\" content=\"Host up to 1,000 guests in the premier Claude-Mouton Venue at Hotel Universel Drummondville. 30,000 sq. ft. of versatile meeting space in central Quebec.\" \/>\n<meta property=\"og:url\" content=\"https:\/\/universel.com\/en\/claude-mouton\/\" \/>\n<meta property=\"og:site_name\" content=\"Centre de Congres\" \/>\n<meta property=\"article:publisher\" content=\"https:\/\/www.facebook.com\/HotelDrummondville\" \/>\n<meta property=\"article:modified_time\" content=\"2026-01-12T00:04:16+00:00\" \/>\n<meta property=\"og:image\" content=\"https:\/\/universel.com\/wp-content\/uploads\/2025\/06\/Claude-Mouton-A-theatre.jpg\" \/>\n<meta name=\"twitter:card\" content=\"summary_large_image\" \/>\n<meta name=\"twitter:site\" content=\"@HotelDrummond\" \/>\n<meta name=\"twitter:label1\" content=\"Est. reading time\" \/>\n\t<meta name=\"twitter:data1\" content=\"2 minutes\" \/>\n<script type=\"application\/ld+json\" class=\"yoast-schema-graph\">{\"@context\":\"https:\\\/\\\/schema.org\",\"@graph\":[{\"@type\":\"WebPage\",\"@id\":\"https:\\\/\\\/universel.com\\\/en\\\/claude-mouton\\\/\",\"url\":\"https:\\\/\\\/universel.com\\\/en\\\/claude-mouton\\\/\",\"name\":\"Claude-Mouton Venue - Centre de Congres\",\"isPartOf\":{\"@id\":\"https:\\\/\\\/universel.com\\\/en\\\/#website\"},\"primaryImageOfPage\":{\"@id\":\"https:\\\/\\\/universel.com\\\/en\\\/claude-mouton\\\/#primaryimage\"},\"image\":{\"@id\":\"https:\\\/\\\/universel.com\\\/en\\\/claude-mouton\\\/#primaryimage\"},\"thumbnailUrl\":\"https:\\\/\\\/universel.com\\\/wp-content\\\/uploads\\\/2025\\\/06\\\/Claude-Mouton-A-theatre.jpg\",\"datePublished\":\"2026-01-11T23:02:11+00:00\",\"dateModified\":\"2026-01-12T00:04:16+00:00\",\"description\":\"Host up to 1,000 guests in the premier Claude-Mouton Venue at Hotel Universel Drummondville. 30,000 sq. ft. of versatile meeting space in central Quebec.\",\"breadcrumb\":{\"@id\":\"https:\\\/\\\/universel.com\\\/en\\\/claude-mouton\\\/#breadcrumb\"},\"inLanguage\":\"en-US\",\"potentialAction\":[{\"@type\":\"ReadAction\",\"target\":[\"https:\\\/\\\/universel.com\\\/en\\\/claude-mouton\\\/\"]}]},{\"@type\":\"ImageObject\",\"inLanguage\":\"en-US\",\"@id\":\"https:\\\/\\\/universel.com\\\/en\\\/claude-mouton\\\/#primaryimage\",\"url\":\"https:\\\/\\\/universel.com\\\/wp-content\\\/uploads\\\/2025\\\/06\\\/Claude-Mouton-A-theatre.jpg\",\"contentUrl\":\"https:\\\/\\\/universel.com\\\/wp-content\\\/uploads\\\/2025\\\/06\\\/Claude-Mouton-A-theatre.jpg\"},{\"@type\":\"BreadcrumbList\",\"@id\":\"https:\\\/\\\/universel.com\\\/en\\\/claude-mouton\\\/#breadcrumb\",\"itemListElement\":[{\"@type\":\"ListItem\",\"position\":1,\"name\":\"Home\",\"item\":\"https:\\\/\\\/universel.com\\\/en\\\/home-2\\\/\"},{\"@type\":\"ListItem\",\"position\":2,\"name\":\"Claude-Mouton Venue\"}]},{\"@type\":\"WebSite\",\"@id\":\"https:\\\/\\\/universel.com\\\/en\\\/#website\",\"url\":\"https:\\\/\\\/universel.com\\\/en\\\/\",\"name\":\"Hotel Universel\",\"description\":\"\",\"publisher\":{\"@id\":\"https:\\\/\\\/universel.com\\\/en\\\/#organization\"},\"potentialAction\":[{\"@type\":\"SearchAction\",\"target\":{\"@type\":\"EntryPoint\",\"urlTemplate\":\"https:\\\/\\\/universel.com\\\/en\\\/?s={search_term_string}\"},\"query-input\":{\"@type\":\"PropertyValueSpecification\",\"valueRequired\":true,\"valueName\":\"search_term_string\"}}],\"inLanguage\":\"en-US\"},{\"@type\":\"Organization\",\"@id\":\"https:\\\/\\\/universel.com\\\/en\\\/#organization\",\"name\":\"Best Western Hotel Universel Drummondville\",\"url\":\"https:\\\/\\\/universel.com\\\/en\\\/\",\"logo\":{\"@type\":\"ImageObject\",\"inLanguage\":\"en-US\",\"@id\":\"https:\\\/\\\/universel.com\\\/en\\\/#\\\/schema\\\/logo\\\/image\\\/\",\"url\":\"https:\\\/\\\/i2.wp.com\\\/universel.com\\\/wp-content\\\/uploads\\\/2020\\\/07\\\/Logo_BW_Congress-copy.png?fit=3260%2C541&ssl=1\",\"contentUrl\":\"https:\\\/\\\/i2.wp.com\\\/universel.com\\\/wp-content\\\/uploads\\\/2020\\\/07\\\/Logo_BW_Congress-copy.png?fit=3260%2C541&ssl=1\",\"width\":3260,\"height\":541,\"caption\":\"Best Western Hotel Universel Drummondville\"},\"image\":{\"@id\":\"https:\\\/\\\/universel.com\\\/en\\\/#\\\/schema\\\/logo\\\/image\\\/\"},\"sameAs\":[\"https:\\\/\\\/www.facebook.com\\\/HotelDrummondville\",\"https:\\\/\\\/x.com\\\/HotelDrummond\",\"https:\\\/\\\/www.linkedin.com\\\/company\\\/best-western-hotel-universel-drummondville\\\/\"]}]}<\/script>\n<!-- \/ Yoast SEO plugin. -->","yoast_head_json":{"title":"Claude-Mouton Venue - Centre de Congres","description":"Host up to 1,000 guests in the premier Claude-Mouton Venue at Hotel Universel Drummondville. 30,000 sq. ft. of versatile meeting space in central Quebec.","robots":{"index":"index","follow":"follow","max-snippet":"max-snippet:-1","max-image-preview":"max-image-preview:large","max-video-preview":"max-video-preview:-1"},"canonical":"https:\/\/universel.com\/en\/claude-mouton\/","og_locale":"en_US","og_type":"article","og_title":"Claude-Mouton Venue - Centre de Congres","og_description":"Host up to 1,000 guests in the premier Claude-Mouton Venue at Hotel Universel Drummondville. 30,000 sq. ft. of versatile meeting space in central Quebec.","og_url":"https:\/\/universel.com\/en\/claude-mouton\/","og_site_name":"Centre de Congres","article_publisher":"https:\/\/www.facebook.com\/HotelDrummondville","article_modified_time":"2026-01-12T00:04:16+00:00","og_image":[{"url":"https:\/\/universel.com\/wp-content\/uploads\/2025\/06\/Claude-Mouton-A-theatre.jpg","type":"","width":"","height":""}],"twitter_card":"summary_large_image","twitter_site":"@HotelDrummond","twitter_misc":{"Est. reading time":"2 minutes"},"schema":{"@context":"https:\/\/schema.org","@graph":[{"@type":"WebPage","@id":"https:\/\/universel.com\/en\/claude-mouton\/","url":"https:\/\/universel.com\/en\/claude-mouton\/","name":"Claude-Mouton Venue - Centre de Congres","isPartOf":{"@id":"https:\/\/universel.com\/en\/#website"},"primaryImageOfPage":{"@id":"https:\/\/universel.com\/en\/claude-mouton\/#primaryimage"},"image":{"@id":"https:\/\/universel.com\/en\/claude-mouton\/#primaryimage"},"thumbnailUrl":"https:\/\/universel.com\/wp-content\/uploads\/2025\/06\/Claude-Mouton-A-theatre.jpg","datePublished":"2026-01-11T23:02:11+00:00","dateModified":"2026-01-12T00:04:16+00:00","description":"Host up to 1,000 guests in the premier Claude-Mouton Venue at Hotel Universel Drummondville. 30,000 sq. ft. of versatile meeting space in central Quebec.","breadcrumb":{"@id":"https:\/\/universel.com\/en\/claude-mouton\/#breadcrumb"},"inLanguage":"en-US","potentialAction":[{"@type":"ReadAction","target":["https:\/\/universel.com\/en\/claude-mouton\/"]}]},{"@type":"ImageObject","inLanguage":"en-US","@id":"https:\/\/universel.com\/en\/claude-mouton\/#primaryimage","url":"https:\/\/universel.com\/wp-content\/uploads\/2025\/06\/Claude-Mouton-A-theatre.jpg","contentUrl":"https:\/\/universel.com\/wp-content\/uploads\/2025\/06\/Claude-Mouton-A-theatre.jpg"},{"@type":"BreadcrumbList","@id":"https:\/\/universel.com\/en\/claude-mouton\/#breadcrumb","itemListElement":[{"@type":"ListItem","position":1,"name":"Home","item":"https:\/\/universel.com\/en\/home-2\/"},{"@type":"ListItem","position":2,"name":"Claude-Mouton Venue"}]},{"@type":"WebSite","@id":"https:\/\/universel.com\/en\/#website","url":"https:\/\/universel.com\/en\/","name":"Hotel Universel","description":"","publisher":{"@id":"https:\/\/universel.com\/en\/#organization"},"potentialAction":[{"@type":"SearchAction","target":{"@type":"EntryPoint","urlTemplate":"https:\/\/universel.com\/en\/?s={search_term_string}"},"query-input":{"@type":"PropertyValueSpecification","valueRequired":true,"valueName":"search_term_string"}}],"inLanguage":"en-US"},{"@type":"Organization","@id":"https:\/\/universel.com\/en\/#organization","name":"Best Western Hotel Universel Drummondville","url":"https:\/\/universel.com\/en\/","logo":{"@type":"ImageObject","inLanguage":"en-US","@id":"https:\/\/universel.com\/en\/#\/schema\/logo\/image\/","url":"https:\/\/i2.wp.com\/universel.com\/wp-content\/uploads\/2020\/07\/Logo_BW_Congress-copy.png?fit=3260%2C541&ssl=1","contentUrl":"https:\/\/i2.wp.com\/universel.com\/wp-content\/uploads\/2020\/07\/Logo_BW_Congress-copy.png?fit=3260%2C541&ssl=1","width":3260,"height":541,"caption":"Best Western Hotel Universel Drummondville"},"image":{"@id":"https:\/\/universel.com\/en\/#\/schema\/logo\/image\/"},"sameAs":["https:\/\/www.facebook.com\/HotelDrummondville","https:\/\/x.com\/HotelDrummond","https:\/\/www.linkedin.com\/company\/best-western-hotel-universel-drummondville\/"]}]}},"jetpack_likes_enabled":true,"jetpack_sharing_enabled":true,"jetpack_shortlink":"https:\/\/wp.me\/Pb2ATk-3Tl","_links":{"self":[{"href":"https:\/\/universel.com\/en\/wp-json\/wp\/v2\/pages\/14963","targetHints":{"allow":["GET"]}}],"collection":[{"href":"https:\/\/universel.com\/en\/wp-json\/wp\/v2\/pages"}],"about":[{"href":"https:\/\/universel.com\/en\/wp-json\/wp\/v2\/types\/page"}],"author":[{"embeddable":true,"href":"https:\/\/universel.com\/en\/wp-json\/wp\/v2\/users\/158511816"}],"replies":[{"embeddable":true,"href":"https:\/\/universel.com\/en\/wp-json\/wp\/v2\/comments?post=14963"}],"version-history":[{"count":8,"href":"https:\/\/universel.com\/en\/wp-json\/wp\/v2\/pages\/14963\/revisions"}],"predecessor-version":[{"id":15016,"href":"https:\/\/universel.com\/en\/wp-json\/wp\/v2\/pages\/14963\/revisions\/15016"}],"wp:attachment":[{"href":"https:\/\/universel.com\/en\/wp-json\/wp\/v2\/media?parent=14963"}],"curies":[{"name":"wp","href":"https:\/\/api.w.org\/{rel}","templated":true}]}}