{"id":12864,"date":"2024-05-10T01:55:04","date_gmt":"2024-05-10T01:55:04","guid":{"rendered":"https:\/\/universel.com\/packages-2\/"},"modified":"2026-02-08T16:44:53","modified_gmt":"2026-02-08T20:44:53","slug":"packages","status":"publish","type":"page","link":"https:\/\/universel.com\/en\/packages\/","title":{"rendered":"Packages"},"content":{"rendered":"<p>[et_pb_section fb_built=&#8221;1&#8243; custom_padding_last_edited=&#8221;on|phone&#8221; disabled_on=&#8221;off|off|off&#8221; admin_label=&#8221;Header&#8221; _builder_version=&#8221;4.17.4&#8243; background_color=&#8221;#ffffff&#8221; custom_padding=&#8221;||||true|false&#8221; custom_padding_tablet=&#8221;0px||100px||false|false&#8221; custom_padding_phone=&#8221;0px||0px||true|false&#8221; locked=&#8221;off&#8221; global_colors_info=&#8221;{}&#8221;][et_pb_row admin_label=&#8221;Row&#8221; _builder_version=&#8221;4.17.4&#8243; _module_preset=&#8221;default&#8221; width=&#8221;100%&#8221; width_tablet=&#8221;100%&#8221; width_phone=&#8221;85%&#8221; width_last_edited=&#8221;on|phone&#8221; custom_padding=&#8221;25px||25px||true|false&#8221; global_colors_info=&#8221;{}&#8221;][et_pb_column type=&#8221;4_4&#8243; _builder_version=&#8221;4.17.4&#8243; _module_preset=&#8221;default&#8221; global_colors_info=&#8221;{}&#8221;][et_pb_text _builder_version=&#8221;4.17.4&#8243; _module_preset=&#8221;default&#8221; header_font=&#8221;Cormorant Garamond|700|||||||&#8221; header_text_color=&#8221;#000000&#8243; header_font_size=&#8221;50px&#8221; header_font_size_tablet=&#8221;50px&#8221; header_font_size_phone=&#8221;30px&#8221; header_font_size_last_edited=&#8221;on|phone&#8221; global_colors_info=&#8221;{}&#8221;]<\/p>\n<h1 style=\"text-align: center;\">Packages &#8211; Best Western H\u00f4tel Universel Drummondville<\/h1>\n<p>[\/et_pb_text][et_pb_text _builder_version=&#8221;4.17.4&#8243; _module_preset=&#8221;default&#8221; text_font=&#8221;Nunito Sans|300|||||||&#8221; text_text_color=&#8221;#000000&#8243; text_font_size=&#8221;16px&#8221; header_font=&#8221;Cormorant Garamond||||||||&#8221; header_text_color=&#8221;#000000&#8243; header_font_size=&#8221;50px&#8221; header_line_height=&#8221;1.1em&#8221; global_colors_info=&#8221;{}&#8221;]<\/p>\n<p style=\"text-align: center;\">Stay up to date with our latest promotions and packages <a href=\"https:\/\/www.facebook.com\/HotelDrummondville\/\"><span style=\"text-decoration: underline;\">here<\/span><\/a><\/p>\n<p>[\/et_pb_text][\/et_pb_column][\/et_pb_row][et_pb_row column_structure=&#8221;1_2,1_2&#8243; _builder_version=&#8221;4.17.4&#8243; _module_preset=&#8221;default&#8221; custom_margin=&#8221;|auto||auto|false|false&#8221; custom_padding=&#8221;5px|||||&#8221; global_colors_info=&#8221;{}&#8221;][et_pb_column type=&#8221;1_2&#8243; _builder_version=&#8221;4.17.4&#8243; _module_preset=&#8221;default&#8221; global_colors_info=&#8221;{}&#8221;][et_pb_image src=&#8221;<a href=\"https:\/\/universel.com\/wp-content\/uploads\/2020\/07\/oeufs-benedictine-all-italiana.jpg&#038;#8221\">https:\/\/universel.com\/wp-content\/uploads\/2020\/07\/oeufs-benedictine-all-italiana.jpg&#038;#8221<\/a>; title_text=&#8221;oeufs-benedictine-all-italiana&#8221; _builder_version=&#8221;4.17.4&#8243; _module_preset=&#8221;default&#8221; width=&#8221;100%&#8221; custom_padding=&#8221;|0px||||&#8221; global_colors_info=&#8221;{}&#8221;][\/et_pb_image][\/et_pb_column][et_pb_column type=&#8221;1_2&#8243; _builder_version=&#8221;4.17.4&#8243; _module_preset=&#8221;default&#8221; global_colors_info=&#8221;{}&#8221;][et_pb_text _builder_version=&#8221;4.17.4&#8243; _module_preset=&#8221;default&#8221; text_font=&#8221;Nunito Sans|300|||||||&#8221; text_font_size=&#8221;15px&#8221; header_font=&#8221;Cormorant Garamond||||||||&#8221; header_2_font=&#8221;Cormorant Garamond||||||||&#8221; global_colors_info=&#8221;{}&#8221;]<\/p>\n<h2><strong><span data-teams=\"true\">Corporate package<\/span><\/strong><\/h2>\n<p><strong><\/strong><\/p>\n<p><span data-teams=\"true\">To offer your employees a comfortable and safe stay, our corporate package offers a preferential rate including breakfast.  <\/span><\/p>\n<p><span data-teams=\"true\">This rate is available from Sunday to Thursday. It is also possible to add dinner to the package. For more information, contact our reception team at 1-800-711-6047.  <\/span><\/p>\n<p><span data-teams=\"true\"><img data-recalc-dims=\"1\" loading=\"lazy\" decoding=\"async\" src=\"https:\/\/i0.wp.com\/universel.com\/wp-content\/uploads\/2025\/11\/cassolette-viande.png?resize=242%2C200&#038;ssl=1\" width=\"242\" height=\"200\" alt=\"\" class=\"wp-image-14498 alignnone size-medium\"><img data-recalc-dims=\"1\" loading=\"lazy\" decoding=\"async\" src=\"https:\/\/i0.wp.com\/universel.com\/wp-content\/uploads\/2025\/11\/gourmando-2-1024x847-1.jpg?resize=242%2C200&#038;ssl=1\" width=\"242\" height=\"200\" alt=\"\" class=\"wp-image-14500 alignnone size-medium\"><\/span><\/p>\n<p>[\/et_pb_text][\/et_pb_column][\/et_pb_row][et_pb_row _builder_version=&#8221;4.17.4&#8243; _module_preset=&#8221;default&#8221; custom_padding=&#8221;||2px|||&#8221; global_colors_info=&#8221;{}&#8221;][et_pb_column type=&#8221;4_4&#8243; _builder_version=&#8221;4.17.4&#8243; _module_preset=&#8221;default&#8221; global_colors_info=&#8221;{}&#8221;][et_pb_divider color=&#8221;#BFBFBF&#8221; _builder_version=&#8221;4.17.4&#8243; _module_preset=&#8221;default&#8221; global_colors_info=&#8221;{}&#8221;][\/et_pb_divider][\/et_pb_column][\/et_pb_row][et_pb_row _builder_version=&#8221;4.17.4&#8243; _module_preset=&#8221;default&#8221; global_colors_info=&#8221;{}&#8221;][et_pb_column type=&#8221;4_4&#8243; _builder_version=&#8221;4.17.4&#8243; _module_preset=&#8221;default&#8221; global_colors_info=&#8221;{}&#8221;][et_pb_text _builder_version=&#8221;4.17.4&#8243; _module_preset=&#8221;default&#8221; header_2_font=&#8221;Cormorant Garamond||||||||&#8221; global_colors_info=&#8221;{}&#8221;]<\/p>\n<h2><strong>Village Qu\u00e9b\u00e9cois d&#8217;Antan<\/strong><\/h2>\n<p>[\/et_pb_text][\/et_pb_column][\/et_pb_row][et_pb_row column_structure=&#8221;1_3,2_3&#8243; _builder_version=&#8221;4.17.4&#8243; _module_preset=&#8221;default&#8221; custom_margin=&#8221;-17px|auto||auto||&#8221; custom_padding=&#8221;5px|||||&#8221; global_colors_info=&#8221;{}&#8221;][et_pb_column type=&#8221;1_3&#8243; _builder_version=&#8221;4.17.4&#8243; _module_preset=&#8221;default&#8221; global_colors_info=&#8221;{}&#8221;][et_pb_text _builder_version=&#8221;4.17.4&#8243; _module_preset=&#8221;default&#8221; text_font=&#8221;Nunito Sans|300|||||||&#8221; text_font_size=&#8221;15px&#8221; global_colors_info=&#8221;{}&#8221;]<\/p>\n<p>The Village is transformed seasonally into three distinct activities: the Summer Village (June to September), the Haunted Village (October) and the Desjardins Illuminated Village (December).<\/p>\n<p>The 2025 summer season offers a major wind of change through its collaboration with Moment Factory, with <strong>Le Village Parall\u00e8le<\/strong>. Come and discover the 19th century by day and by night, through the exciting adventures of its villagers.<\/p>\n<p>Please check the website for opening times: <a href=\"https:\/\/villagequebecois.com\/\">www.villagequebecois.com<\/a><\/p>\n<p>With a hotel stay, take advantage of special rates to visit each of the villages. Contact us at 1 800 711-6047 to make a reservation.<\/p>\n<p>[\/et_pb_text][\/et_pb_column][et_pb_column type=&#8221;2_3&#8243; _builder_version=&#8221;4.17.4&#8243; _module_preset=&#8221;default&#8221; global_colors_info=&#8221;{}&#8221;][et_pb_image src=&#8221;<a href=\"https:\/\/universel.com\/wp-content\/uploads\/2025\/01\/VQAntan_MomentFactory_01-WS-1.png&#038;#8221\">https:\/\/universel.com\/wp-content\/uploads\/2025\/01\/VQAntan_MomentFactory_01-WS-1.png&#038;#8221<\/a>; title_text=&#8221;VQAntan_MomentFactory_01-WS (1)&#8221; _builder_version=&#8221;4.17.4&#8243; _module_preset=&#8221;default&#8221; global_colors_info=&#8221;{}&#8221;][\/et_pb_image][\/et_pb_column][\/et_pb_row][et_pb_row _builder_version=&#8221;4.17.4&#8243; _module_preset=&#8221;default&#8221; custom_padding=&#8221;||2px|||&#8221; global_colors_info=&#8221;{}&#8221;][et_pb_column type=&#8221;4_4&#8243; _builder_version=&#8221;4.17.4&#8243; _module_preset=&#8221;default&#8221; global_colors_info=&#8221;{}&#8221;][et_pb_divider color=&#8221;#BFBFBF&#8221; _builder_version=&#8221;4.17.4&#8243; _module_preset=&#8221;default&#8221; global_colors_info=&#8221;{}&#8221;][\/et_pb_divider][\/et_pb_column][\/et_pb_row][et_pb_row _builder_version=&#8221;4.17.4&#8243; _module_preset=&#8221;default&#8221; global_colors_info=&#8221;{}&#8221;][et_pb_column type=&#8221;4_4&#8243; _builder_version=&#8221;4.17.4&#8243; _module_preset=&#8221;default&#8221; global_colors_info=&#8221;{}&#8221;][et_pb_text _builder_version=&#8221;4.17.4&#8243; _module_preset=&#8221;default&#8221; header_2_font=&#8221;Cormorant Garamond||||||||&#8221; global_colors_info=&#8221;{}&#8221;]<\/p>\n<h2><strong>Th\u00e9\u00e2tre de la Dame du C\u0153ur<\/strong><\/h2>\n<p>[\/et_pb_text][\/et_pb_column][\/et_pb_row][et_pb_row column_structure=&#8221;2_3,1_3&#8243; _builder_version=&#8221;4.17.4&#8243; _module_preset=&#8221;default&#8221; custom_margin=&#8221;-17px|auto||auto||&#8221; custom_padding=&#8221;5px|||||&#8221; global_colors_info=&#8221;{}&#8221;][et_pb_column type=&#8221;2_3&#8243; _builder_version=&#8221;4.17.4&#8243; _module_preset=&#8221;default&#8221; global_colors_info=&#8221;{}&#8221;][et_pb_image src=&#8221;<a href=\"https:\/\/universel.com\/wp-content\/uploads\/2025\/01\/DDC-25.png&#038;#8221\">https:\/\/universel.com\/wp-content\/uploads\/2025\/01\/DDC-25.png&#038;#8221<\/a>; title_text=&#8221;DDC-25&#8243; _builder_version=&#8221;4.17.4&#8243; _module_preset=&#8221;default&#8221; global_colors_info=&#8221;{}&#8221;][\/et_pb_image][\/et_pb_column][et_pb_column type=&#8221;1_3&#8243; _builder_version=&#8221;4.17.4&#8243; _module_preset=&#8221;default&#8221; global_colors_info=&#8221;{}&#8221;][et_pb_text _builder_version=&#8221;4.17.4&#8243; _module_preset=&#8221;default&#8221; text_font=&#8221;Nunito Sans|300|||||||&#8221; text_font_size=&#8221;15px&#8221; global_colors_info=&#8221;{}&#8221;]<\/p>\n<p>This giant puppet theater presents this year&#8217;s show: La folle \u00e9pop\u00e9e de M. Paul!<\/p>\n<p>Mr. Paul, a retired deliveryman, transforms his stories of delivery into incredible epics, captivating his entire village and especially young Margo, who is fascinated by his tales. This immersive show unfolds around, over and through the audience, sharing the space with them. A celebration of the power of imagination, transforming &#8220;La folle \u00e9pop\u00e9e de M. Paul&#8221; into an astonishing, vibrant adventure.  <\/p>\n<p>For showtimes, <a href=\"https:\/\/damedecoeur.com\/\">visit https:\/\/damedecoeur.com. <\/a>With a hotel stay, benefit from special rates for this show. Contact us at 1 800 711-6047 to make a reservation.<\/p>\n<p>[\/et_pb_text][\/et_pb_column][\/et_pb_row][et_pb_row disabled_on=&#8221;off|off|off&#8221; _builder_version=&#8221;4.17.4&#8243; _module_preset=&#8221;default&#8221; custom_padding=&#8221;||2px|||&#8221; hover_enabled=&#8221;0&#8243; global_colors_info=&#8221;{}&#8221; sticky_enabled=&#8221;0&#8243;][et_pb_column type=&#8221;4_4&#8243; _builder_version=&#8221;4.17.4&#8243; _module_preset=&#8221;default&#8221; global_colors_info=&#8221;{}&#8221;][et_pb_divider color=&#8221;#BFBFBF&#8221; _builder_version=&#8221;4.17.4&#8243; _module_preset=&#8221;default&#8221; global_colors_info=&#8221;{}&#8221;][\/et_pb_divider][\/et_pb_column][\/et_pb_row][et_pb_row disabled_on=&#8221;off|off|off&#8221; _builder_version=&#8221;4.17.4&#8243; _module_preset=&#8221;default&#8221; hover_enabled=&#8221;0&#8243; global_colors_info=&#8221;{}&#8221; sticky_enabled=&#8221;0&#8243;][et_pb_column type=&#8221;4_4&#8243; _builder_version=&#8221;4.17.4&#8243; _module_preset=&#8221;default&#8221; global_colors_info=&#8221;{}&#8221;][et_pb_text _builder_version=&#8221;4.17.4&#8243; _module_preset=&#8221;default&#8221; header_2_font=&#8221;Cormorant Garamond||||||||&#8221; hover_enabled=&#8221;0&#8243; global_colors_info=&#8221;{}&#8221; sticky_enabled=&#8221;0&#8243;]<\/p>\n<h2><strong>Forfait V\u00e9lo Qu\u00e9bec<\/strong><\/h2>\n<p>[\/et_pb_text][\/et_pb_column][\/et_pb_row][et_pb_row column_structure=&#8221;2_5,3_5&#8243; disabled_on=&#8221;off|off|off&#8221; _builder_version=&#8221;4.17.4&#8243; _module_preset=&#8221;default&#8221; custom_margin=&#8221;-17px|auto||auto||&#8221; custom_padding=&#8221;5px|||||&#8221; hover_enabled=&#8221;0&#8243; global_colors_info=&#8221;{}&#8221; sticky_enabled=&#8221;0&#8243;][et_pb_column type=&#8221;2_5&#8243; _builder_version=&#8221;4.17.4&#8243; _module_preset=&#8221;default&#8221; global_colors_info=&#8221;{}&#8221;][et_pb_image src=&#8221;<a href=\"https:\/\/universel.com\/wp-content\/uploads\/2026\/02\/voyager-en-cyclotourisme-avec-velo-quebec-voyage.png&#038;#8221\">https:\/\/universel.com\/wp-content\/uploads\/2026\/02\/voyager-en-cyclotourisme-avec-velo-quebec-voyage.png&#038;#8221<\/a>; title_text=&#8221;voyager-en-cyclotourisme-avec-velo-quebec-voyage&#8221; _builder_version=&#8221;4.17.4&#8243; _module_preset=&#8221;default&#8221; hover_enabled=&#8221;0&#8243; global_colors_info=&#8221;{}&#8221; sticky_enabled=&#8221;0&#8243;][\/et_pb_image][\/et_pb_column][et_pb_column type=&#8221;3_5&#8243; _builder_version=&#8221;4.17.4&#8243; _module_preset=&#8221;default&#8221; global_colors_info=&#8221;{}&#8221;][et_pb_text _builder_version=&#8221;4.17.4&#8243; _module_preset=&#8221;default&#8221; hover_enabled=&#8221;0&#8243; global_colors_info=&#8221;{}&#8221; sticky_enabled=&#8221;0&#8243;]<\/p>\n<p>Enjoy a perfect stopover at the Best Western H\u00f4tel Universel Drummondville, your certified <strong>Bienvenue cyclistes! <\/strong>hotel by V\u00e9lo Qu\u00e9bec. Located in the heart of the Centre-du-Qu\u00e9bec cycling network, our hotel is ideal for exploring the <strong>Route Verte<\/strong> and regional circuits. See the <a href=\"https:\/\/www.routeverte.com\/cartographie-route-verte\/\">green routes here<\/a>.  <\/p>\n<p>Your stay includes:<\/p>\n<ul>\n<li><strong>Comfortable overnight stay<\/strong> and secure bike shelter.<\/li>\n<li><strong>Ultimate relaxation:<\/strong> Access to our indoor pool and spas<\/li>\n<li><strong>Gourmet experience: <\/strong>Enjoy a meal at the Pacini restaurant right on site<\/li>\n<li><strong>Ideal location:<\/strong> Direct access to the slopes, halfway between Montreal and Quebec City.<\/li>\n<\/ul>\n<p>Book your bike package now and pedal with a clear conscience!<\/p>\n<p>Contact us at 1 800 711-6047 to make a reservation.<\/p>\n<p>[\/et_pb_text][\/et_pb_column][\/et_pb_row][\/et_pb_section]<\/p>\n","protected":false},"excerpt":{"rendered":"<p>Packages &#8211; Best Western H\u00f4tel Universel DrummondvilleStay up to date with our latest promotions and packages hereCorporate package To offer your employees a comfortable and safe stay, our corporate package offers a preferential rate including breakfast. This rate is available from Sunday to Thursday. It is also possible to add dinner to the package. For [&hellip;]<\/p>\n","protected":false},"author":158511816,"featured_media":0,"parent":0,"menu_order":0,"comment_status":"closed","ping_status":"closed","template":"","meta":{"_et_pb_use_builder":"on","_et_pb_old_content":"","_et_gb_content_width":"","jetpack_post_was_ever_published":false,"footnotes":"","_links_to":"","_links_to_target":""},"class_list":["post-12864","page","type-page","status-publish","hentry"],"yoast_head":"<!-- This site is optimized with the Yoast SEO plugin v27.3 - https:\/\/yoast.com\/product\/yoast-seo-wordpress\/ -->\n<title>Packages in Drummondville<\/title>\n<meta name=\"description\" content=\"Discover our Drummondville packages: romantic getaways, family stays, corporate offers and seasonal promotions.\" \/>\n<meta name=\"robots\" content=\"index, follow, max-snippet:-1, max-image-preview:large, max-video-preview:-1\" \/>\n<link rel=\"canonical\" href=\"https:\/\/universel.com\/en\/packages\/\" \/>\n<meta property=\"og:locale\" content=\"en_US\" \/>\n<meta property=\"og:type\" content=\"article\" \/>\n<meta property=\"og:title\" content=\"Packages in Drummondville\" \/>\n<meta property=\"og:description\" content=\"Discover our Drummondville packages: romantic getaways, family stays, corporate offers and seasonal promotions.\" \/>\n<meta property=\"og:url\" content=\"https:\/\/universel.com\/en\/packages\/\" \/>\n<meta property=\"og:site_name\" content=\"Centre de Congres\" \/>\n<meta property=\"article:publisher\" content=\"https:\/\/www.facebook.com\/HotelDrummondville\" \/>\n<meta property=\"article:modified_time\" content=\"2026-02-08T20:44:53+00:00\" \/>\n<meta property=\"og:image\" content=\"https:\/\/universel.com\/wp-content\/uploads\/2025\/11\/cassolette-viande-300x248.png\" \/>\n<meta name=\"twitter:card\" content=\"summary_large_image\" \/>\n<meta name=\"twitter:site\" content=\"@HotelDrummond\" \/>\n<meta name=\"twitter:label1\" content=\"Est. reading time\" \/>\n\t<meta name=\"twitter:data1\" content=\"7 minutes\" \/>\n<script type=\"application\/ld+json\" class=\"yoast-schema-graph\">{\"@context\":\"https:\\\/\\\/schema.org\",\"@graph\":[{\"@type\":\"WebPage\",\"@id\":\"https:\\\/\\\/universel.com\\\/en\\\/packages\\\/\",\"url\":\"https:\\\/\\\/universel.com\\\/en\\\/packages\\\/\",\"name\":\"Packages in Drummondville\",\"isPartOf\":{\"@id\":\"https:\\\/\\\/universel.com\\\/en\\\/#website\"},\"primaryImageOfPage\":{\"@id\":\"https:\\\/\\\/universel.com\\\/en\\\/packages\\\/#primaryimage\"},\"image\":{\"@id\":\"https:\\\/\\\/universel.com\\\/en\\\/packages\\\/#primaryimage\"},\"thumbnailUrl\":\"https:\\\/\\\/universel.com\\\/wp-content\\\/uploads\\\/2025\\\/11\\\/cassolette-viande-300x248.png\",\"datePublished\":\"2024-05-10T01:55:04+00:00\",\"dateModified\":\"2026-02-08T20:44:53+00:00\",\"description\":\"Discover our Drummondville packages: romantic getaways, family stays, corporate offers and seasonal promotions.\",\"breadcrumb\":{\"@id\":\"https:\\\/\\\/universel.com\\\/en\\\/packages\\\/#breadcrumb\"},\"inLanguage\":\"en-US\",\"potentialAction\":[{\"@type\":\"ReadAction\",\"target\":[\"https:\\\/\\\/universel.com\\\/en\\\/packages\\\/\"]}]},{\"@type\":\"ImageObject\",\"inLanguage\":\"en-US\",\"@id\":\"https:\\\/\\\/universel.com\\\/en\\\/packages\\\/#primaryimage\",\"url\":\"https:\\\/\\\/universel.com\\\/wp-content\\\/uploads\\\/2025\\\/11\\\/cassolette-viande-300x248.png\",\"contentUrl\":\"https:\\\/\\\/universel.com\\\/wp-content\\\/uploads\\\/2025\\\/11\\\/cassolette-viande-300x248.png\"},{\"@type\":\"BreadcrumbList\",\"@id\":\"https:\\\/\\\/universel.com\\\/en\\\/packages\\\/#breadcrumb\",\"itemListElement\":[{\"@type\":\"ListItem\",\"position\":1,\"name\":\"Home\",\"item\":\"https:\\\/\\\/universel.com\\\/en\\\/home-2\\\/\"},{\"@type\":\"ListItem\",\"position\":2,\"name\":\"Packages\"}]},{\"@type\":\"WebSite\",\"@id\":\"https:\\\/\\\/universel.com\\\/en\\\/#website\",\"url\":\"https:\\\/\\\/universel.com\\\/en\\\/\",\"name\":\"Hotel Universel\",\"description\":\"\",\"publisher\":{\"@id\":\"https:\\\/\\\/universel.com\\\/en\\\/#organization\"},\"potentialAction\":[{\"@type\":\"SearchAction\",\"target\":{\"@type\":\"EntryPoint\",\"urlTemplate\":\"https:\\\/\\\/universel.com\\\/en\\\/?s={search_term_string}\"},\"query-input\":{\"@type\":\"PropertyValueSpecification\",\"valueRequired\":true,\"valueName\":\"search_term_string\"}}],\"inLanguage\":\"en-US\"},{\"@type\":\"Organization\",\"@id\":\"https:\\\/\\\/universel.com\\\/en\\\/#organization\",\"name\":\"Best Western Hotel Universel Drummondville\",\"url\":\"https:\\\/\\\/universel.com\\\/en\\\/\",\"logo\":{\"@type\":\"ImageObject\",\"inLanguage\":\"en-US\",\"@id\":\"https:\\\/\\\/universel.com\\\/en\\\/#\\\/schema\\\/logo\\\/image\\\/\",\"url\":\"https:\\\/\\\/i2.wp.com\\\/universel.com\\\/wp-content\\\/uploads\\\/2020\\\/07\\\/Logo_BW_Congress-copy.png?fit=3260%2C541&ssl=1\",\"contentUrl\":\"https:\\\/\\\/i2.wp.com\\\/universel.com\\\/wp-content\\\/uploads\\\/2020\\\/07\\\/Logo_BW_Congress-copy.png?fit=3260%2C541&ssl=1\",\"width\":3260,\"height\":541,\"caption\":\"Best Western Hotel Universel Drummondville\"},\"image\":{\"@id\":\"https:\\\/\\\/universel.com\\\/en\\\/#\\\/schema\\\/logo\\\/image\\\/\"},\"sameAs\":[\"https:\\\/\\\/www.facebook.com\\\/HotelDrummondville\",\"https:\\\/\\\/x.com\\\/HotelDrummond\",\"https:\\\/\\\/www.linkedin.com\\\/company\\\/best-western-hotel-universel-drummondville\\\/\"]}]}<\/script>\n<!-- \/ Yoast SEO plugin. -->","yoast_head_json":{"title":"Packages in Drummondville","description":"Discover our Drummondville packages: romantic getaways, family stays, corporate offers and seasonal promotions.","robots":{"index":"index","follow":"follow","max-snippet":"max-snippet:-1","max-image-preview":"max-image-preview:large","max-video-preview":"max-video-preview:-1"},"canonical":"https:\/\/universel.com\/en\/packages\/","og_locale":"en_US","og_type":"article","og_title":"Packages in Drummondville","og_description":"Discover our Drummondville packages: romantic getaways, family stays, corporate offers and seasonal promotions.","og_url":"https:\/\/universel.com\/en\/packages\/","og_site_name":"Centre de Congres","article_publisher":"https:\/\/www.facebook.com\/HotelDrummondville","article_modified_time":"2026-02-08T20:44:53+00:00","og_image":[{"url":"https:\/\/universel.com\/wp-content\/uploads\/2025\/11\/cassolette-viande-300x248.png","type":"","width":"","height":""}],"twitter_card":"summary_large_image","twitter_site":"@HotelDrummond","twitter_misc":{"Est. reading time":"7 minutes"},"schema":{"@context":"https:\/\/schema.org","@graph":[{"@type":"WebPage","@id":"https:\/\/universel.com\/en\/packages\/","url":"https:\/\/universel.com\/en\/packages\/","name":"Packages in Drummondville","isPartOf":{"@id":"https:\/\/universel.com\/en\/#website"},"primaryImageOfPage":{"@id":"https:\/\/universel.com\/en\/packages\/#primaryimage"},"image":{"@id":"https:\/\/universel.com\/en\/packages\/#primaryimage"},"thumbnailUrl":"https:\/\/universel.com\/wp-content\/uploads\/2025\/11\/cassolette-viande-300x248.png","datePublished":"2024-05-10T01:55:04+00:00","dateModified":"2026-02-08T20:44:53+00:00","description":"Discover our Drummondville packages: romantic getaways, family stays, corporate offers and seasonal promotions.","breadcrumb":{"@id":"https:\/\/universel.com\/en\/packages\/#breadcrumb"},"inLanguage":"en-US","potentialAction":[{"@type":"ReadAction","target":["https:\/\/universel.com\/en\/packages\/"]}]},{"@type":"ImageObject","inLanguage":"en-US","@id":"https:\/\/universel.com\/en\/packages\/#primaryimage","url":"https:\/\/universel.com\/wp-content\/uploads\/2025\/11\/cassolette-viande-300x248.png","contentUrl":"https:\/\/universel.com\/wp-content\/uploads\/2025\/11\/cassolette-viande-300x248.png"},{"@type":"BreadcrumbList","@id":"https:\/\/universel.com\/en\/packages\/#breadcrumb","itemListElement":[{"@type":"ListItem","position":1,"name":"Home","item":"https:\/\/universel.com\/en\/home-2\/"},{"@type":"ListItem","position":2,"name":"Packages"}]},{"@type":"WebSite","@id":"https:\/\/universel.com\/en\/#website","url":"https:\/\/universel.com\/en\/","name":"Hotel Universel","description":"","publisher":{"@id":"https:\/\/universel.com\/en\/#organization"},"potentialAction":[{"@type":"SearchAction","target":{"@type":"EntryPoint","urlTemplate":"https:\/\/universel.com\/en\/?s={search_term_string}"},"query-input":{"@type":"PropertyValueSpecification","valueRequired":true,"valueName":"search_term_string"}}],"inLanguage":"en-US"},{"@type":"Organization","@id":"https:\/\/universel.com\/en\/#organization","name":"Best Western Hotel Universel Drummondville","url":"https:\/\/universel.com\/en\/","logo":{"@type":"ImageObject","inLanguage":"en-US","@id":"https:\/\/universel.com\/en\/#\/schema\/logo\/image\/","url":"https:\/\/i2.wp.com\/universel.com\/wp-content\/uploads\/2020\/07\/Logo_BW_Congress-copy.png?fit=3260%2C541&ssl=1","contentUrl":"https:\/\/i2.wp.com\/universel.com\/wp-content\/uploads\/2020\/07\/Logo_BW_Congress-copy.png?fit=3260%2C541&ssl=1","width":3260,"height":541,"caption":"Best Western Hotel Universel Drummondville"},"image":{"@id":"https:\/\/universel.com\/en\/#\/schema\/logo\/image\/"},"sameAs":["https:\/\/www.facebook.com\/HotelDrummondville","https:\/\/x.com\/HotelDrummond","https:\/\/www.linkedin.com\/company\/best-western-hotel-universel-drummondville\/"]}]}},"jetpack_likes_enabled":true,"jetpack_sharing_enabled":true,"jetpack_shortlink":"https:\/\/wp.me\/Pb2ATk-3lu","_links":{"self":[{"href":"https:\/\/universel.com\/en\/wp-json\/wp\/v2\/pages\/12864","targetHints":{"allow":["GET"]}}],"collection":[{"href":"https:\/\/universel.com\/en\/wp-json\/wp\/v2\/pages"}],"about":[{"href":"https:\/\/universel.com\/en\/wp-json\/wp\/v2\/types\/page"}],"author":[{"embeddable":true,"href":"https:\/\/universel.com\/en\/wp-json\/wp\/v2\/users\/158511816"}],"replies":[{"embeddable":true,"href":"https:\/\/universel.com\/en\/wp-json\/wp\/v2\/comments?post=12864"}],"version-history":[{"count":22,"href":"https:\/\/universel.com\/en\/wp-json\/wp\/v2\/pages\/12864\/revisions"}],"predecessor-version":[{"id":15148,"href":"https:\/\/universel.com\/en\/wp-json\/wp\/v2\/pages\/12864\/revisions\/15148"}],"wp:attachment":[{"href":"https:\/\/universel.com\/en\/wp-json\/wp\/v2\/media?parent=12864"}],"curies":[{"name":"wp","href":"https:\/\/api.w.org\/{rel}","templated":true}]}}